{"id":2468,"date":"2022-07-08T09:35:14","date_gmt":"2022-07-08T09:35:14","guid":{"rendered":"http:\/\/barcelonaobertura.lamagnetica.net\/legal-disclaimer\/"},"modified":"2023-12-20T10:27:01","modified_gmt":"2023-12-20T10:27:01","slug":"aviso-legal","status":"publish","type":"page","link":"https:\/\/www.barcelonaobertura.com\/es\/aviso-legal\/","title":{"rendered":"Aviso legal"},"content":{"rendered":"<div id=\"container-block_e9363ba629bd561094c893d299076cd6\" class=\"html wp-block-container small-padding-top small-padding-bottom big-wrapper\">\n    \n\n<h3 class=\"wp-block-heading\">Propietario del sitio web y de la aplicaci\u00f3n<\/h3>\n\n\n\n<p>Barcelona Obertura es propiedad de Fundaci\u00f3 Orfe\u00f3 Catal\u00e0-Palau de la M\u00fasica Catalana, con domicilio en Carrer del Palau de la M\u00fasica, 4-6, 08003 Barcelona, con n\u00famero de identificaci\u00f3n fiscal G-59684548\u00a0e inscrita en el Registro de Asociaciones del Departament de Just\u00edcia de la Generalitat de Catalunya con el n\u00famero 514.<br><br>El uso del sitio web y de la aplicaci\u00f3n est\u00e1 sujeto a las siguientes condiciones. Le rogamos que las lea atentamente. El acceso al sitio web y\/o a la aplicaci\u00f3n y el uso de su contenido significa que usted ha le\u00eddo y aceptado las mismas.<\/p>\n\n\n\n<h3 class=\"wp-block-heading\">Condiciones de uso<\/h3>\n\n\n\n<p>Barcelona Obertura ha preparado el material del sitio web y de la aplicaci\u00f3n \u00fanicamente con fines informativos. La informaci\u00f3n que se publica en este sitio web es v\u00e1lida en el momento de su publicaci\u00f3n y se actualiza con la mayor brevedad posible.<br>Los enlaces del sitio web y\/o de la aplicaci\u00f3n pueden dirigirle a otros sitios web y\/o aplicaciones gestionados por terceros, sobre los que Barcelona Obertura no ejerce ning\u00fan tipo de control. Barcelona Obertura no responde ni de los contenidos ni del estado de dichos sitios web y aplicaciones, y el acceso a los mismos a trav\u00e9s de la web o aplicaci\u00f3n no implica que Barcelona Obertura recomiende o apruebe sus contenidos.<\/p>\n\n\n\n<h3 class=\"wp-block-heading\">Limitaci\u00f3n de responsabilidad<\/h3>\n\n\n\n<p>Barcelona Obertura no garantiza la ausencia de virus ni de otros elementos que puedan da\u00f1ar o alterar su sistema inform\u00e1tico, sus documentos electr\u00f3nicos o sus ficheros. En consecuencia, Barcelona Obertura no responde por los da\u00f1os y perjuicios que tales elementos pudieran ocasionar al usuario o a terceros.<\/p>\n\n\n<\/div>","protected":false},"excerpt":{"rendered":"","protected":false},"author":1,"featured_media":0,"parent":0,"menu_order":0,"comment_status":"closed","ping_status":"closed","template":"","meta":{"_acf_changed":false,"footnotes":""},"class_list":["post-2468","page","type-page","status-publish","hentry"],"acf":[],"yoast_head":"<!-- This site is optimized with the Yoast SEO plugin v27.4 - https:\/\/yoast.com\/product\/yoast-seo-wordpress\/ -->\n<title>Aviso legal - Barcelona Obertura<\/title>\n<meta name=\"robots\" content=\"index, follow, max-snippet:-1, max-image-preview:large, max-video-preview:-1\" \/>\n<link rel=\"canonical\" href=\"https:\/\/www.barcelonaobertura.com\/es\/aviso-legal\/\" \/>\n<meta property=\"og:locale\" content=\"es_ES\" \/>\n<meta property=\"og:type\" content=\"article\" \/>\n<meta property=\"og:title\" content=\"Aviso legal - Barcelona Obertura\" \/>\n<meta property=\"og:url\" content=\"https:\/\/www.barcelonaobertura.com\/es\/aviso-legal\/\" \/>\n<meta property=\"og:site_name\" content=\"Barcelona Obertura\" \/>\n<meta property=\"article:modified_time\" content=\"2023-12-20T10:27:01+00:00\" \/>\n<meta name=\"twitter:card\" content=\"summary_large_image\" \/>\n<meta name=\"twitter:label1\" content=\"Tiempo de lectura\" \/>\n\t<meta name=\"twitter:data1\" content=\"2 minutos\" \/>\n<script type=\"application\/ld+json\" class=\"yoast-schema-graph\">{\"@context\":\"https:\\\/\\\/schema.org\",\"@graph\":[{\"@type\":\"WebPage\",\"@id\":\"https:\\\/\\\/www.barcelonaobertura.com\\\/es\\\/aviso-legal\\\/\",\"url\":\"https:\\\/\\\/www.barcelonaobertura.com\\\/es\\\/aviso-legal\\\/\",\"name\":\"Aviso legal - Barcelona Obertura\",\"isPartOf\":{\"@id\":\"https:\\\/\\\/www.barcelonaobertura.com\\\/es\\\/#website\"},\"datePublished\":\"2022-07-08T09:35:14+00:00\",\"dateModified\":\"2023-12-20T10:27:01+00:00\",\"breadcrumb\":{\"@id\":\"https:\\\/\\\/www.barcelonaobertura.com\\\/es\\\/aviso-legal\\\/#breadcrumb\"},\"inLanguage\":\"es\",\"potentialAction\":[{\"@type\":\"ReadAction\",\"target\":[\"https:\\\/\\\/www.barcelonaobertura.com\\\/es\\\/aviso-legal\\\/\"]}]},{\"@type\":\"BreadcrumbList\",\"@id\":\"https:\\\/\\\/www.barcelonaobertura.com\\\/es\\\/aviso-legal\\\/#breadcrumb\",\"itemListElement\":[{\"@type\":\"ListItem\",\"position\":1,\"name\":\"Home\",\"item\":\"https:\\\/\\\/www.barcelonaobertura.com\\\/es\\\/\"},{\"@type\":\"ListItem\",\"position\":2,\"name\":\"Aviso legal\"}]},{\"@type\":\"WebSite\",\"@id\":\"https:\\\/\\\/www.barcelonaobertura.com\\\/es\\\/#website\",\"url\":\"https:\\\/\\\/www.barcelonaobertura.com\\\/es\\\/\",\"name\":\"Barcelona Obertura\",\"description\":\"Come for the music, Stay for the rest\",\"potentialAction\":[{\"@type\":\"SearchAction\",\"target\":{\"@type\":\"EntryPoint\",\"urlTemplate\":\"https:\\\/\\\/www.barcelonaobertura.com\\\/es\\\/?s={search_term_string}\"},\"query-input\":{\"@type\":\"PropertyValueSpecification\",\"valueRequired\":true,\"valueName\":\"search_term_string\"}}],\"inLanguage\":\"es\"}]}<\/script>\n<!-- \/ Yoast SEO plugin. -->","yoast_head_json":{"title":"Aviso legal - Barcelona Obertura","robots":{"index":"index","follow":"follow","max-snippet":"max-snippet:-1","max-image-preview":"max-image-preview:large","max-video-preview":"max-video-preview:-1"},"canonical":"https:\/\/www.barcelonaobertura.com\/es\/aviso-legal\/","og_locale":"es_ES","og_type":"article","og_title":"Aviso legal - Barcelona Obertura","og_url":"https:\/\/www.barcelonaobertura.com\/es\/aviso-legal\/","og_site_name":"Barcelona Obertura","article_modified_time":"2023-12-20T10:27:01+00:00","twitter_card":"summary_large_image","twitter_misc":{"Tiempo de lectura":"2 minutos"},"schema":{"@context":"https:\/\/schema.org","@graph":[{"@type":"WebPage","@id":"https:\/\/www.barcelonaobertura.com\/es\/aviso-legal\/","url":"https:\/\/www.barcelonaobertura.com\/es\/aviso-legal\/","name":"Aviso legal - Barcelona Obertura","isPartOf":{"@id":"https:\/\/www.barcelonaobertura.com\/es\/#website"},"datePublished":"2022-07-08T09:35:14+00:00","dateModified":"2023-12-20T10:27:01+00:00","breadcrumb":{"@id":"https:\/\/www.barcelonaobertura.com\/es\/aviso-legal\/#breadcrumb"},"inLanguage":"es","potentialAction":[{"@type":"ReadAction","target":["https:\/\/www.barcelonaobertura.com\/es\/aviso-legal\/"]}]},{"@type":"BreadcrumbList","@id":"https:\/\/www.barcelonaobertura.com\/es\/aviso-legal\/#breadcrumb","itemListElement":[{"@type":"ListItem","position":1,"name":"Home","item":"https:\/\/www.barcelonaobertura.com\/es\/"},{"@type":"ListItem","position":2,"name":"Aviso legal"}]},{"@type":"WebSite","@id":"https:\/\/www.barcelonaobertura.com\/es\/#website","url":"https:\/\/www.barcelonaobertura.com\/es\/","name":"Barcelona Obertura","description":"Come for the music, Stay for the rest","potentialAction":[{"@type":"SearchAction","target":{"@type":"EntryPoint","urlTemplate":"https:\/\/www.barcelonaobertura.com\/es\/?s={search_term_string}"},"query-input":{"@type":"PropertyValueSpecification","valueRequired":true,"valueName":"search_term_string"}}],"inLanguage":"es"}]}},"_links":{"self":[{"href":"https:\/\/www.barcelonaobertura.com\/es\/wp-json\/wp\/v2\/pages\/2468","targetHints":{"allow":["GET"]}}],"collection":[{"href":"https:\/\/www.barcelonaobertura.com\/es\/wp-json\/wp\/v2\/pages"}],"about":[{"href":"https:\/\/www.barcelonaobertura.com\/es\/wp-json\/wp\/v2\/types\/page"}],"author":[{"embeddable":true,"href":"https:\/\/www.barcelonaobertura.com\/es\/wp-json\/wp\/v2\/users\/1"}],"replies":[{"embeddable":true,"href":"https:\/\/www.barcelonaobertura.com\/es\/wp-json\/wp\/v2\/comments?post=2468"}],"version-history":[{"count":0,"href":"https:\/\/www.barcelonaobertura.com\/es\/wp-json\/wp\/v2\/pages\/2468\/revisions"}],"wp:attachment":[{"href":"https:\/\/www.barcelonaobertura.com\/es\/wp-json\/wp\/v2\/media?parent=2468"}],"curies":[{"name":"wp","href":"https:\/\/api.w.org\/{rel}","templated":true}]}}